{"id":6514,"date":"2024-05-26T07:56:03","date_gmt":"2024-05-26T07:56:03","guid":{"rendered":"https:\/\/motiuashi.ro\/?page_id=6514"},"modified":"2025-09-19T16:04:57","modified_gmt":"2025-09-19T14:04:57","slug":"daniel-condurache","status":"publish","type":"page","link":"https:\/\/motiuashi.ro\/ro\/daniel-condurache\/","title":{"rendered":"Daniel Condurache"},"content":{"rendered":"<div data-elementor-type=\"wp-page\" data-elementor-id=\"6514\" class=\"elementor elementor-6514\">\n\t\t\t\t<div class=\"elementor-element elementor-element-8a421b2 e-flex e-con-boxed e-con e-parent\" data-id=\"8a421b2\" data-element_type=\"container\" data-settings=\"{&quot;background_background&quot;:&quot;classic&quot;}\">\n\t\t\t\t\t<div class=\"e-con-inner\">\n\t\t<div class=\"elementor-element elementor-element-13e1aa3 e-con-full e-flex e-con e-child\" data-id=\"13e1aa3\" data-element_type=\"container\">\n\t\t<div class=\"elementor-element elementor-element-3e65b7f e-con-full e-flex e-con e-child\" data-id=\"3e65b7f\" data-element_type=\"container\">\n\t\t\t\t<div class=\"elementor-element elementor-element-1be25ce elementor-widget elementor-widget-image\" data-id=\"1be25ce\" data-element_type=\"widget\" data-widget_type=\"image.default\">\n\t\t\t\t<div class=\"elementor-widget-container\">\n\t\t\t\t\t\t\t\t\t\t\t\t\t\t\t<img fetchpriority=\"high\" decoding=\"async\" width=\"526\" height=\"390\" src=\"https:\/\/motiuashi.ro\/wp-content\/uploads\/2025\/09\/Daniel-Mihai-Condurache.jpg\" class=\"attachment-youko-default-post size-youko-default-post wp-image-7535\" alt=\"\" srcset=\"https:\/\/motiuashi.ro\/wp-content\/uploads\/2025\/09\/Daniel-Mihai-Condurache.jpg 526w, https:\/\/motiuashi.ro\/wp-content\/uploads\/2025\/09\/Daniel-Mihai-Condurache-300x222.jpg 300w, https:\/\/motiuashi.ro\/wp-content\/uploads\/2025\/09\/Daniel-Mihai-Condurache-16x12.jpg 16w, https:\/\/motiuashi.ro\/wp-content\/uploads\/2025\/09\/Daniel-Mihai-Condurache-400x297.jpg 400w\" sizes=\"(max-width: 526px) 100vw, 526px\" \/>\t\t\t\t\t\t\t\t\t\t\t\t\t\t\t<\/div>\n\t\t\t\t<\/div>\n\t\t<div class=\"elementor-element elementor-element-afcc451 e-con-full e-flex e-con e-child\" data-id=\"afcc451\" data-element_type=\"container\" data-settings=\"{&quot;background_background&quot;:&quot;classic&quot;}\">\n\t\t\t\t<div class=\"elementor-element elementor-element-3ce97d1 elementor-widget elementor-widget-heading\" data-id=\"3ce97d1\" data-element_type=\"widget\" data-widget_type=\"heading.default\">\n\t\t\t\t<div class=\"elementor-widget-container\">\n\t\t\t\t\t<h5 class=\"elementor-heading-title elementor-size-default\">Daniel Condurache<\/h5>\t\t\t\t<\/div>\n\t\t\t\t<\/div>\n\t\t\t\t<div class=\"elementor-element elementor-element-902cba0 elementor-widget elementor-widget-heading\" data-id=\"902cba0\" data-element_type=\"widget\" data-widget_type=\"heading.default\">\n\t\t\t\t<div class=\"elementor-widget-container\">\n\t\t\t\t\t<div class=\"elementor-heading-title elementor-size-default\">Instructor<\/div>\t\t\t\t<\/div>\n\t\t\t\t<\/div>\n\t\t\t\t<\/div>\n\t\t\t\t<\/div>\n\t\t\t\t<\/div>\n\t\t<div class=\"elementor-element elementor-element-5647719 e-con-full e-flex e-con e-child\" data-id=\"5647719\" data-element_type=\"container\">\n\t\t\t\t<div class=\"elementor-element elementor-element-c35ad72 i tabs-dark-bg elementor-tabs-view-horizontal elementor-widget elementor-widget-tabs\" data-id=\"c35ad72\" data-element_type=\"widget\" data-widget_type=\"tabs.default\">\n\t\t\t\t<div class=\"elementor-widget-container\">\n\t\t\t\t\t\t\t<div class=\"elementor-tabs\">\n\t\t\t<div class=\"elementor-tabs-wrapper\" role=\"tablist\" >\n\t\t\t\t\t\t\t\t\t<div id=\"elementor-tab-title-2041\" class=\"elementor-tab-title elementor-tab-desktop-title\" aria-selected=\"true\" data-tab=\"1\" role=\"tab\" tabindex=\"0\" aria-controls=\"elementor-tab-content-2041\" aria-expanded=\"false\">Biografie<\/div>\n\t\t\t\t\t\t\t<\/div>\n\t\t\t<div class=\"elementor-tabs-content-wrapper\" role=\"tablist\" aria-orientation=\"vertical\">\n\t\t\t\t\t\t\t\t\t<div class=\"elementor-tab-title elementor-tab-mobile-title\" aria-selected=\"true\" data-tab=\"1\" role=\"tab\" tabindex=\"0\" aria-controls=\"elementor-tab-content-2041\" aria-expanded=\"false\">Biografie<\/div>\n\t\t\t\t\t<div id=\"elementor-tab-content-2041\" class=\"elementor-tab-content elementor-clearfix\" data-tab=\"1\" role=\"tabpanel\" aria-labelledby=\"elementor-tab-title-2041\" tabindex=\"0\" hidden=\"false\"><p>Este instructor de judo, de\u021bin\u0103tor al centurii negre 1 Dan, cu o preg\u0103tire solid\u0103 \u0219i studii de specializare \u00een domeniu. Are o experien\u021b\u0103 valoroas\u0103 \u00een lucrul cu sportivi de diferite v\u00e2rste \u0219i niveluri, fiind apreciat pentru r\u0103bdarea, disciplina \u0219i pasiunea cu care transmite mai departe cuno\u0219tin\u021bele sale. \u00cen cadrul clubului ACS Motiuashi, contribuie la formarea copiilor \u0219i tinerilor, pun\u00e2nd accent pe dezvoltarea tehnic\u0103, \u00eencredere \u0219i respect \u2013 valori fundamentale ale judo-ului.<\/p><\/div>\n\t\t\t\t\t\t\t<\/div>\n\t\t<\/div>\n\t\t\t\t\t\t<\/div>\n\t\t\t\t<\/div>\n\t\t\t\t<div class=\"elementor-element elementor-element-dd014ff elementor-align-right elementor-widget elementor-widget-button\" data-id=\"dd014ff\" data-element_type=\"widget\" data-widget_type=\"button.default\">\n\t\t\t\t<div class=\"elementor-widget-container\">\n\t\t\t\t\t\t\t\t\t<div class=\"elementor-button-wrapper\">\n\t\t\t\t\t<a class=\"elementor-button elementor-button-link elementor-size-sm\" href=\"https:\/\/motiuashi.ro\/ro\/staff\/\">\n\t\t\t\t\t\t<span class=\"elementor-button-content-wrapper\">\n\t\t\t\t\t\t<span class=\"elementor-button-icon\">\n\t\t\t\t<svg xmlns=\"http:\/\/www.w3.org\/2000\/svg\" width=\"0.48em\" height=\"1em\" viewbox=\"0 0 608 1280\"><g transform=\"translate(608 0) scale(-1 1)\"><path d=\"M595 288q0 13-10 23L192 704l393 393q10 10 10 23t-10 23l-50 50q-10 10-23 10t-23-10L23 727q-10-10-10-23t10-23l466-466q10-10 23-10t23 10l50 50q10 10 10 23\"><\/path><\/g><\/svg>\t\t\t<\/span>\n\t\t\t\t\t\t\t\t\t<span class=\"elementor-button-text\">\u00cenapoi la staff<\/span>\n\t\t\t\t\t<\/span>\n\t\t\t\t\t<\/a>\n\t\t\t\t<\/div>\n\t\t\t\t\t\t\t\t<\/div>\n\t\t\t\t<\/div>\n\t\t\t\t<\/div>\n\t\t\t\t\t<\/div>\n\t\t\t\t<\/div>\n\t\t\t\t<\/div>\n\t\t\n    <div class=\"xs_social_share_widget xs_share_url after_content \t\tmain_content  wslu-style-1 wslu-share-box-shaped wslu-fill-colored wslu-none wslu-share-horizontal wslu-theme-font-no wslu-main_content\">\n\n\t\t\n        <ul>\n\t\t\t        <\/ul>\n    <\/div>","protected":false},"excerpt":{"rendered":"<p>Daniel Condurache Instructor Biografie Biografie Este instructor de judo, de\u021bin\u0103tor al centurii negre 1 Dan, cu o preg\u0103tire solid\u0103 \u0219i studii de specializare \u00een domeniu. Are o experien\u021b\u0103 valoroas\u0103 \u00een lucrul cu sportivi de diferite v\u00e2rste \u0219i niveluri, fiind apreciat pentru r\u0103bdarea, disciplina \u0219i pasiunea cu care transmite mai departe cuno\u0219tin\u021bele sale. \u00cen cadrul clubului<span class=\"more-dots\">&#8230;<\/span><\/p>","protected":false},"author":1,"featured_media":0,"parent":0,"menu_order":0,"comment_status":"closed","ping_status":"closed","template":"page-templates\/full-width.php","meta":{"footnotes":""},"class_list":["post-6514","page","type-page","status-publish","hentry"],"yoast_head":"<!-- This site is optimized with the Yoast SEO plugin v26.8 - https:\/\/yoast.com\/product\/yoast-seo-wordpress\/ -->\n<title>Daniel Condurache - ACS Motiuashi | Club de Judo<\/title>\n<meta name=\"robots\" content=\"index, follow, max-snippet:-1, max-image-preview:large, max-video-preview:-1\" \/>\n<link rel=\"canonical\" href=\"https:\/\/motiuashi.ro\/ro\/daniel-condurache\/\" \/>\n<meta property=\"og:locale\" content=\"ro_RO\" \/>\n<meta property=\"og:type\" content=\"article\" \/>\n<meta property=\"og:title\" content=\"Daniel Condurache - ACS Motiuashi | Club de Judo\" \/>\n<meta property=\"og:description\" content=\"Daniel Condurache Instructor Biografie Biografie Este instructor de judo, de\u021bin\u0103tor al centurii negre 1 Dan, cu o preg\u0103tire solid\u0103 \u0219i studii de specializare \u00een domeniu. Are o experien\u021b\u0103 valoroas\u0103 \u00een lucrul cu sportivi de diferite v\u00e2rste \u0219i niveluri, fiind apreciat pentru r\u0103bdarea, disciplina \u0219i pasiunea cu care transmite mai departe cuno\u0219tin\u021bele sale. \u00cen cadrul clubului...\" \/>\n<meta property=\"og:url\" content=\"https:\/\/motiuashi.ro\/ro\/daniel-condurache\/\" \/>\n<meta property=\"og:site_name\" content=\"ACS Motiuashi | Club de Judo\" \/>\n<meta property=\"article:modified_time\" content=\"2025-09-19T14:04:57+00:00\" \/>\n<meta property=\"og:image\" content=\"https:\/\/motiuashi.ro\/wp-content\/uploads\/2025\/09\/Daniel-Mihai-Condurache.jpg\" \/>\n\t<meta property=\"og:image:width\" content=\"526\" \/>\n\t<meta property=\"og:image:height\" content=\"390\" \/>\n\t<meta property=\"og:image:type\" content=\"image\/jpeg\" \/>\n<meta name=\"twitter:card\" content=\"summary_large_image\" \/>\n<meta name=\"twitter:label1\" content=\"Timp estimat pentru citire\" \/>\n\t<meta name=\"twitter:data1\" content=\"1 minut\" \/>\n<script type=\"application\/ld+json\" class=\"yoast-schema-graph\">{\"@context\":\"https:\/\/schema.org\",\"@graph\":[{\"@type\":\"WebPage\",\"@id\":\"https:\/\/motiuashi.ro\/daniel-condurache\/\",\"url\":\"https:\/\/motiuashi.ro\/daniel-condurache\/\",\"name\":\"Daniel Condurache - ACS Motiuashi | Club de Judo\",\"isPartOf\":{\"@id\":\"https:\/\/motiuashi.ro\/#website\"},\"primaryImageOfPage\":{\"@id\":\"https:\/\/motiuashi.ro\/daniel-condurache\/#primaryimage\"},\"image\":{\"@id\":\"https:\/\/motiuashi.ro\/daniel-condurache\/#primaryimage\"},\"thumbnailUrl\":\"https:\/\/motiuashi.ro\/wp-content\/uploads\/2025\/09\/Daniel-Mihai-Condurache.jpg\",\"datePublished\":\"2024-05-26T07:56:03+00:00\",\"dateModified\":\"2025-09-19T14:04:57+00:00\",\"breadcrumb\":{\"@id\":\"https:\/\/motiuashi.ro\/daniel-condurache\/#breadcrumb\"},\"inLanguage\":\"ro-RO\",\"potentialAction\":[{\"@type\":\"ReadAction\",\"target\":[\"https:\/\/motiuashi.ro\/daniel-condurache\/\"]}]},{\"@type\":\"ImageObject\",\"inLanguage\":\"ro-RO\",\"@id\":\"https:\/\/motiuashi.ro\/daniel-condurache\/#primaryimage\",\"url\":\"https:\/\/motiuashi.ro\/wp-content\/uploads\/2025\/09\/Daniel-Mihai-Condurache.jpg\",\"contentUrl\":\"https:\/\/motiuashi.ro\/wp-content\/uploads\/2025\/09\/Daniel-Mihai-Condurache.jpg\"},{\"@type\":\"BreadcrumbList\",\"@id\":\"https:\/\/motiuashi.ro\/daniel-condurache\/#breadcrumb\",\"itemListElement\":[{\"@type\":\"ListItem\",\"position\":1,\"name\":\"Home\",\"item\":\"https:\/\/motiuashi.ro\/\"},{\"@type\":\"ListItem\",\"position\":2,\"name\":\"Daniel Condurache\"}]},{\"@type\":\"WebSite\",\"@id\":\"https:\/\/motiuashi.ro\/#website\",\"url\":\"https:\/\/motiuashi.ro\/\",\"name\":\"ACS Motiuashi | Club de Judo\",\"description\":\"\",\"publisher\":{\"@id\":\"https:\/\/motiuashi.ro\/#organization\"},\"potentialAction\":[{\"@type\":\"SearchAction\",\"target\":{\"@type\":\"EntryPoint\",\"urlTemplate\":\"https:\/\/motiuashi.ro\/?s={search_term_string}\"},\"query-input\":{\"@type\":\"PropertyValueSpecification\",\"valueRequired\":true,\"valueName\":\"search_term_string\"}}],\"inLanguage\":\"ro-RO\"},{\"@type\":\"Organization\",\"@id\":\"https:\/\/motiuashi.ro\/#organization\",\"name\":\"ACS Motiuashi | Club de Judo\",\"url\":\"https:\/\/motiuashi.ro\/\",\"logo\":{\"@type\":\"ImageObject\",\"inLanguage\":\"ro-RO\",\"@id\":\"https:\/\/motiuashi.ro\/#\/schema\/logo\/image\/\",\"url\":\"https:\/\/motiuashi.ro\/wp-content\/uploads\/2025\/01\/Logo-Motiuashi.png\",\"contentUrl\":\"https:\/\/motiuashi.ro\/wp-content\/uploads\/2025\/01\/Logo-Motiuashi.png\",\"width\":4996,\"height\":4996,\"caption\":\"ACS Motiuashi | Club de Judo\"},\"image\":{\"@id\":\"https:\/\/motiuashi.ro\/#\/schema\/logo\/image\/\"}}]}<\/script>\n<!-- \/ Yoast SEO plugin. -->","yoast_head_json":{"title":"Daniel Condurache - ACS Motiuashi | Club de Judo","robots":{"index":"index","follow":"follow","max-snippet":"max-snippet:-1","max-image-preview":"max-image-preview:large","max-video-preview":"max-video-preview:-1"},"canonical":"https:\/\/motiuashi.ro\/ro\/daniel-condurache\/","og_locale":"ro_RO","og_type":"article","og_title":"Daniel Condurache - ACS Motiuashi | Club de Judo","og_description":"Daniel Condurache Instructor Biografie Biografie Este instructor de judo, de\u021bin\u0103tor al centurii negre 1 Dan, cu o preg\u0103tire solid\u0103 \u0219i studii de specializare \u00een domeniu. Are o experien\u021b\u0103 valoroas\u0103 \u00een lucrul cu sportivi de diferite v\u00e2rste \u0219i niveluri, fiind apreciat pentru r\u0103bdarea, disciplina \u0219i pasiunea cu care transmite mai departe cuno\u0219tin\u021bele sale. \u00cen cadrul clubului...","og_url":"https:\/\/motiuashi.ro\/ro\/daniel-condurache\/","og_site_name":"ACS Motiuashi | Club de Judo","article_modified_time":"2025-09-19T14:04:57+00:00","og_image":[{"width":526,"height":390,"url":"https:\/\/motiuashi.ro\/wp-content\/uploads\/2025\/09\/Daniel-Mihai-Condurache.jpg","type":"image\/jpeg"}],"twitter_card":"summary_large_image","twitter_misc":{"Timp estimat pentru citire":"1 minut"},"schema":{"@context":"https:\/\/schema.org","@graph":[{"@type":"WebPage","@id":"https:\/\/motiuashi.ro\/daniel-condurache\/","url":"https:\/\/motiuashi.ro\/daniel-condurache\/","name":"Daniel Condurache - ACS Motiuashi | Club de Judo","isPartOf":{"@id":"https:\/\/motiuashi.ro\/#website"},"primaryImageOfPage":{"@id":"https:\/\/motiuashi.ro\/daniel-condurache\/#primaryimage"},"image":{"@id":"https:\/\/motiuashi.ro\/daniel-condurache\/#primaryimage"},"thumbnailUrl":"https:\/\/motiuashi.ro\/wp-content\/uploads\/2025\/09\/Daniel-Mihai-Condurache.jpg","datePublished":"2024-05-26T07:56:03+00:00","dateModified":"2025-09-19T14:04:57+00:00","breadcrumb":{"@id":"https:\/\/motiuashi.ro\/daniel-condurache\/#breadcrumb"},"inLanguage":"ro-RO","potentialAction":[{"@type":"ReadAction","target":["https:\/\/motiuashi.ro\/daniel-condurache\/"]}]},{"@type":"ImageObject","inLanguage":"ro-RO","@id":"https:\/\/motiuashi.ro\/daniel-condurache\/#primaryimage","url":"https:\/\/motiuashi.ro\/wp-content\/uploads\/2025\/09\/Daniel-Mihai-Condurache.jpg","contentUrl":"https:\/\/motiuashi.ro\/wp-content\/uploads\/2025\/09\/Daniel-Mihai-Condurache.jpg"},{"@type":"BreadcrumbList","@id":"https:\/\/motiuashi.ro\/daniel-condurache\/#breadcrumb","itemListElement":[{"@type":"ListItem","position":1,"name":"Home","item":"https:\/\/motiuashi.ro\/"},{"@type":"ListItem","position":2,"name":"Daniel Condurache"}]},{"@type":"WebSite","@id":"https:\/\/motiuashi.ro\/#website","url":"https:\/\/motiuashi.ro\/","name":"ACS Motiuashi | Club de Judo","description":"","publisher":{"@id":"https:\/\/motiuashi.ro\/#organization"},"potentialAction":[{"@type":"SearchAction","target":{"@type":"EntryPoint","urlTemplate":"https:\/\/motiuashi.ro\/?s={search_term_string}"},"query-input":{"@type":"PropertyValueSpecification","valueRequired":true,"valueName":"search_term_string"}}],"inLanguage":"ro-RO"},{"@type":"Organization","@id":"https:\/\/motiuashi.ro\/#organization","name":"ACS Motiuashi | Club de Judo","url":"https:\/\/motiuashi.ro\/","logo":{"@type":"ImageObject","inLanguage":"ro-RO","@id":"https:\/\/motiuashi.ro\/#\/schema\/logo\/image\/","url":"https:\/\/motiuashi.ro\/wp-content\/uploads\/2025\/01\/Logo-Motiuashi.png","contentUrl":"https:\/\/motiuashi.ro\/wp-content\/uploads\/2025\/01\/Logo-Motiuashi.png","width":4996,"height":4996,"caption":"ACS Motiuashi | Club de Judo"},"image":{"@id":"https:\/\/motiuashi.ro\/#\/schema\/logo\/image\/"}}]}},"_links":{"self":[{"href":"https:\/\/motiuashi.ro\/ro\/wp-json\/wp\/v2\/pages\/6514","targetHints":{"allow":["GET"]}}],"collection":[{"href":"https:\/\/motiuashi.ro\/ro\/wp-json\/wp\/v2\/pages"}],"about":[{"href":"https:\/\/motiuashi.ro\/ro\/wp-json\/wp\/v2\/types\/page"}],"author":[{"embeddable":true,"href":"https:\/\/motiuashi.ro\/ro\/wp-json\/wp\/v2\/users\/1"}],"replies":[{"embeddable":true,"href":"https:\/\/motiuashi.ro\/ro\/wp-json\/wp\/v2\/comments?post=6514"}],"version-history":[{"count":30,"href":"https:\/\/motiuashi.ro\/ro\/wp-json\/wp\/v2\/pages\/6514\/revisions"}],"predecessor-version":[{"id":7615,"href":"https:\/\/motiuashi.ro\/ro\/wp-json\/wp\/v2\/pages\/6514\/revisions\/7615"}],"wp:attachment":[{"href":"https:\/\/motiuashi.ro\/ro\/wp-json\/wp\/v2\/media?parent=6514"}],"curies":[{"name":"wp","href":"https:\/\/api.w.org\/{rel}","templated":true}]}}