{"id":7391,"date":"2025-09-17T19:23:14","date_gmt":"2025-09-17T17:23:14","guid":{"rendered":"https:\/\/motiuashi.ro\/?page_id=7391"},"modified":"2025-10-10T10:53:25","modified_gmt":"2025-10-10T08:53:25","slug":"adrian-szekely","status":"publish","type":"page","link":"https:\/\/motiuashi.ro\/ro\/adrian-szekely\/","title":{"rendered":"Adrian Szekely"},"content":{"rendered":"<div data-elementor-type=\"wp-page\" data-elementor-id=\"7391\" class=\"elementor elementor-7391\">\n\t\t\t\t<div class=\"elementor-element elementor-element-78c3e0f e-flex e-con-boxed e-con e-parent\" data-id=\"78c3e0f\" data-element_type=\"container\" data-settings=\"{&quot;background_background&quot;:&quot;classic&quot;}\">\n\t\t\t\t\t<div class=\"e-con-inner\">\n\t\t<div class=\"elementor-element elementor-element-01a726d e-con-full e-flex e-con e-child\" data-id=\"01a726d\" data-element_type=\"container\">\n\t\t<div class=\"elementor-element elementor-element-0b51510 e-con-full e-flex e-con e-child\" data-id=\"0b51510\" data-element_type=\"container\">\n\t\t\t\t<div class=\"elementor-element elementor-element-78eadc7 elementor-widget elementor-widget-image\" data-id=\"78eadc7\" data-element_type=\"widget\" data-widget_type=\"image.default\">\n\t\t\t\t<div class=\"elementor-widget-container\">\n\t\t\t\t\t\t\t\t\t\t\t\t\t\t\t<img fetchpriority=\"high\" decoding=\"async\" width=\"526\" height=\"390\" src=\"https:\/\/motiuashi.ro\/wp-content\/uploads\/2025\/09\/Prezentare-Szekely.jpg\" class=\"attachment-youko-default-post size-youko-default-post wp-image-7257\" alt=\"\" srcset=\"https:\/\/motiuashi.ro\/wp-content\/uploads\/2025\/09\/Prezentare-Szekely.jpg 526w, https:\/\/motiuashi.ro\/wp-content\/uploads\/2025\/09\/Prezentare-Szekely-300x222.jpg 300w, https:\/\/motiuashi.ro\/wp-content\/uploads\/2025\/09\/Prezentare-Szekely-400x297.jpg 400w\" sizes=\"(max-width: 526px) 100vw, 526px\" \/>\t\t\t\t\t\t\t\t\t\t\t\t\t\t\t<\/div>\n\t\t\t\t<\/div>\n\t\t<div class=\"elementor-element elementor-element-ec83908 e-con-full e-flex e-con e-child\" data-id=\"ec83908\" data-element_type=\"container\" data-settings=\"{&quot;background_background&quot;:&quot;classic&quot;}\">\n\t\t\t\t<div class=\"elementor-element elementor-element-2d1199f elementor-widget elementor-widget-heading\" data-id=\"2d1199f\" data-element_type=\"widget\" data-widget_type=\"heading.default\">\n\t\t\t\t<div class=\"elementor-widget-container\">\n\t\t\t\t\t<h5 class=\"elementor-heading-title elementor-size-default\">Adrian Szekely<\/h5>\t\t\t\t<\/div>\n\t\t\t\t<\/div>\n\t\t\t\t<div class=\"elementor-element elementor-element-8363aba elementor-widget elementor-widget-heading\" data-id=\"8363aba\" data-element_type=\"widget\" data-widget_type=\"heading.default\">\n\t\t\t\t<div class=\"elementor-widget-container\">\n\t\t\t\t\t<div class=\"elementor-heading-title elementor-size-default\">Antrenor<\/div>\t\t\t\t<\/div>\n\t\t\t\t<\/div>\n\t\t\t\t<div class=\"elementor-element elementor-element-9614a11 elementor-shape-circle elementor-grid-0 e-grid-align-center elementor-widget elementor-widget-social-icons\" data-id=\"9614a11\" data-element_type=\"widget\" data-widget_type=\"social-icons.default\">\n\t\t\t\t<div class=\"elementor-widget-container\">\n\t\t\t\t\t\t\t<div class=\"elementor-social-icons-wrapper elementor-grid\">\n\t\t\t\t\t\t\t<span class=\"elementor-grid-item\">\n\t\t\t\t\t<a class=\"elementor-icon elementor-social-icon elementor-social-icon-facebook elementor-repeater-item-066f4f2\" href=\"https:\/\/www.facebook.com\/profile.php?id=61560695317395\" target=\"_blank\">\n\t\t\t\t\t\t<span class=\"elementor-screen-only\">Facebook<\/span>\n\t\t\t\t\t\t<svg aria-hidden=\"true\" class=\"e-font-icon-svg e-fab-facebook\" viewbox=\"0 0 512 512\" xmlns=\"http:\/\/www.w3.org\/2000\/svg\"><path d=\"M504 256C504 119 393 8 256 8S8 119 8 256c0 123.78 90.69 226.38 209.25 245V327.69h-63V256h63v-54.64c0-62.15 37-96.48 93.67-96.48 27.14 0 55.52 4.84 55.52 4.84v61h-31.28c-30.8 0-40.41 19.12-40.41 38.73V256h68.78l-11 71.69h-57.78V501C413.31 482.38 504 379.78 504 256z\"><\/path><\/svg>\t\t\t\t\t<\/a>\n\t\t\t\t<\/span>\n\t\t\t\t\t<\/div>\n\t\t\t\t\t\t<\/div>\n\t\t\t\t<\/div>\n\t\t\t\t<\/div>\n\t\t\t\t<\/div>\n\t\t\t\t<\/div>\n\t\t<div class=\"elementor-element elementor-element-5ee428d e-con-full e-flex e-con e-child\" data-id=\"5ee428d\" data-element_type=\"container\">\n\t\t\t\t<div class=\"elementor-element elementor-element-ce3dc73 i tabs-dark-bg elementor-tabs-view-horizontal elementor-widget elementor-widget-tabs\" data-id=\"ce3dc73\" data-element_type=\"widget\" data-widget_type=\"tabs.default\">\n\t\t\t\t<div class=\"elementor-widget-container\">\n\t\t\t\t\t\t\t<div class=\"elementor-tabs\">\n\t\t\t<div class=\"elementor-tabs-wrapper\" role=\"tablist\" >\n\t\t\t\t\t\t\t\t\t<div id=\"elementor-tab-title-2161\" class=\"elementor-tab-title elementor-tab-desktop-title\" aria-selected=\"true\" data-tab=\"1\" role=\"tab\" tabindex=\"0\" aria-controls=\"elementor-tab-content-2161\" aria-expanded=\"false\">Biografie<\/div>\n\t\t\t\t\t\t\t<\/div>\n\t\t\t<div class=\"elementor-tabs-content-wrapper\" role=\"tablist\" aria-orientation=\"vertical\">\n\t\t\t\t\t\t\t\t\t<div class=\"elementor-tab-title elementor-tab-mobile-title\" aria-selected=\"true\" data-tab=\"1\" role=\"tab\" tabindex=\"0\" aria-controls=\"elementor-tab-content-2161\" aria-expanded=\"false\">Biografie<\/div>\n\t\t\t\t\t<div id=\"elementor-tab-content-2161\" class=\"elementor-tab-content elementor-clearfix\" data-tab=\"1\" role=\"tabpanel\" aria-labelledby=\"elementor-tab-title-2161\" tabindex=\"0\" hidden=\"false\"><p>Sensei Adrian Szekely, de\u021bin\u0103tor al centurii negre 5 Dan, &nbsp;este sufletul \u0219i motorul ACS Motiuashi, un om dedicat excelen\u021bei \u0219i performan\u021bei \u00een judo. Cu o carier\u0103 impresionant\u0103, el este multiplu campion na\u021bional \u0219i balcanic, c\u00e2\u0219tig\u0103tor al numeroaselor turnee interna\u021bionale \u0219i dublu medaliat cu argint la prestigiosul <em>Turneu Prietenia<\/em> \u2013 considerat\u0103 cea mai puternic\u0103 competi\u021bie a \u021b\u0103rilor din blocul comunist.<\/p>\n<p>A fost membru al Lotului Olimpic al Rom\u00e2niei \u00een perioada 1988\u20131992, confirm\u00e2ndu-\u0219i astfel statutul de sportiv de elit\u0103.<\/p>\n<p>Ast\u0103zi, este un exemplu de disciplin\u0103 \u0219i d\u0103ruire. \u00cen calitate de antrenor, Sensei Adrian \u00ee\u0219i propune s\u0103 formeze nu doar sportivi de performan\u021b\u0103, ci adev\u0103ra\u021bi campioni, capabili s\u0103 \u00eei dep\u0103\u0219easc\u0103 realiz\u0103rile \u0219i s\u0103 duc\u0103 mai departe spiritul judo-ului. Este un lider perseverent \u0219i determinat, care respect\u0103 regulile \u0219i valorile sportului \u0219i \u00ee\u0219i educ\u0103 elevii \u00een acela\u0219i spirit al respectului, disciplinei \u0219i fair-play-ului.<\/p>\n<p>Sub \u00eendrumarea sa, copiii \u0219i tinerii nu doar c\u0103 \u00eenva\u021b\u0103 tehnici de judo, ci dob\u00e2ndesc \u0219i lec\u021bii de via\u021b\u0103 valoroase, care \u00eei ajut\u0103 s\u0103 devin\u0103 oameni de caracter \u0219i lideri \u00een comunit\u0103\u021bile lor. Sensei Adrian Szekely este mai mult dec\u00e2t un antrenor \u2013 este un mentor care inspir\u0103, motiveaz\u0103 \u0219i formeaz\u0103 genera\u021bii de campioni, at\u00e2t pe tatami, c\u00e2t \u0219i \u00een afara lui.<\/p><\/div>\n\t\t\t\t\t\t\t<\/div>\n\t\t<\/div>\n\t\t\t\t\t\t<\/div>\n\t\t\t\t<\/div>\n\t\t\t\t<div class=\"elementor-element elementor-element-465bb00 elementor-align-right elementor-widget elementor-widget-button\" data-id=\"465bb00\" data-element_type=\"widget\" data-widget_type=\"button.default\">\n\t\t\t\t<div class=\"elementor-widget-container\">\n\t\t\t\t\t\t\t\t\t<div class=\"elementor-button-wrapper\">\n\t\t\t\t\t<a class=\"elementor-button elementor-button-link elementor-size-sm\" href=\"https:\/\/motiuashi.ro\/ro\/staff\/\">\n\t\t\t\t\t\t<span class=\"elementor-button-content-wrapper\">\n\t\t\t\t\t\t<span class=\"elementor-button-icon\">\n\t\t\t\t<svg xmlns=\"http:\/\/www.w3.org\/2000\/svg\" width=\"0.48em\" height=\"1em\" viewbox=\"0 0 608 1280\"><g transform=\"translate(608 0) scale(-1 1)\"><path d=\"M595 288q0 13-10 23L192 704l393 393q10 10 10 23t-10 23l-50 50q-10 10-23 10t-23-10L23 727q-10-10-10-23t10-23l466-466q10-10 23-10t23 10l50 50q10 10 10 23\"><\/path><\/g><\/svg>\t\t\t<\/span>\n\t\t\t\t\t\t\t\t\t<span class=\"elementor-button-text\">\u00cenapoi la staff<\/span>\n\t\t\t\t\t<\/span>\n\t\t\t\t\t<\/a>\n\t\t\t\t<\/div>\n\t\t\t\t\t\t\t\t<\/div>\n\t\t\t\t<\/div>\n\t\t\t\t<\/div>\n\t\t\t\t\t<\/div>\n\t\t\t\t<\/div>\n\t\t\t\t<\/div>\n\t\t\n    <div class=\"xs_social_share_widget xs_share_url after_content \t\tmain_content  wslu-style-1 wslu-share-box-shaped wslu-fill-colored wslu-none wslu-share-horizontal wslu-theme-font-no wslu-main_content\">\n\n\t\t\n        <ul>\n\t\t\t        <\/ul>\n    <\/div>","protected":false},"excerpt":{"rendered":"<p>Adrian Szekely Antrenor Facebook Biografie Biografie Sensei Adrian Szekely, de\u021bin\u0103tor al centurii negre 5 Dan, &nbsp;este sufletul \u0219i motorul ACS Motiuashi, un om dedicat excelen\u021bei \u0219i performan\u021bei \u00een judo. Cu o carier\u0103 impresionant\u0103, el este multiplu campion na\u021bional \u0219i balcanic, c\u00e2\u0219tig\u0103tor al numeroaselor turnee interna\u021bionale \u0219i dublu medaliat cu argint la prestigiosul Turneu Prietenia \u2013<span class=\"more-dots\">&#8230;<\/span><\/p>","protected":false},"author":1,"featured_media":0,"parent":0,"menu_order":0,"comment_status":"closed","ping_status":"closed","template":"page-templates\/full-width.php","meta":{"footnotes":""},"class_list":["post-7391","page","type-page","status-publish","hentry"],"yoast_head":"<!-- This site is optimized with the Yoast SEO plugin v26.8 - https:\/\/yoast.com\/product\/yoast-seo-wordpress\/ -->\n<title>Adrian Szekely - ACS Motiuashi | Club de Judo<\/title>\n<meta name=\"robots\" content=\"index, follow, max-snippet:-1, max-image-preview:large, max-video-preview:-1\" \/>\n<link rel=\"canonical\" href=\"https:\/\/motiuashi.ro\/ro\/adrian-szekely\/\" \/>\n<meta property=\"og:locale\" content=\"ro_RO\" \/>\n<meta property=\"og:type\" content=\"article\" \/>\n<meta property=\"og:title\" content=\"Adrian Szekely - ACS Motiuashi | Club de Judo\" \/>\n<meta property=\"og:description\" content=\"Adrian Szekely Antrenor Facebook Biografie Biografie Sensei Adrian Szekely, de\u021bin\u0103tor al centurii negre 5 Dan, &nbsp;este sufletul \u0219i motorul ACS Motiuashi, un om dedicat excelen\u021bei \u0219i performan\u021bei \u00een judo. Cu o carier\u0103 impresionant\u0103, el este multiplu campion na\u021bional \u0219i balcanic, c\u00e2\u0219tig\u0103tor al numeroaselor turnee interna\u021bionale \u0219i dublu medaliat cu argint la prestigiosul Turneu Prietenia \u2013...\" \/>\n<meta property=\"og:url\" content=\"https:\/\/motiuashi.ro\/ro\/adrian-szekely\/\" \/>\n<meta property=\"og:site_name\" content=\"ACS Motiuashi | Club de Judo\" \/>\n<meta property=\"article:modified_time\" content=\"2025-10-10T08:53:25+00:00\" \/>\n<meta property=\"og:image\" content=\"https:\/\/motiuashi.ro\/wp-content\/uploads\/2025\/09\/Prezentare-Szekely.jpg\" \/>\n\t<meta property=\"og:image:width\" content=\"526\" \/>\n\t<meta property=\"og:image:height\" content=\"390\" \/>\n\t<meta property=\"og:image:type\" content=\"image\/jpeg\" \/>\n<meta name=\"twitter:card\" content=\"summary_large_image\" \/>\n<meta name=\"twitter:label1\" content=\"Timp estimat pentru citire\" \/>\n\t<meta name=\"twitter:data1\" content=\"2 minute\" \/>\n<script type=\"application\/ld+json\" class=\"yoast-schema-graph\">{\"@context\":\"https:\/\/schema.org\",\"@graph\":[{\"@type\":\"WebPage\",\"@id\":\"https:\/\/motiuashi.ro\/adrian-szekely\/\",\"url\":\"https:\/\/motiuashi.ro\/adrian-szekely\/\",\"name\":\"Adrian Szekely - ACS Motiuashi | Club de Judo\",\"isPartOf\":{\"@id\":\"https:\/\/motiuashi.ro\/#website\"},\"primaryImageOfPage\":{\"@id\":\"https:\/\/motiuashi.ro\/adrian-szekely\/#primaryimage\"},\"image\":{\"@id\":\"https:\/\/motiuashi.ro\/adrian-szekely\/#primaryimage\"},\"thumbnailUrl\":\"https:\/\/motiuashi.ro\/wp-content\/uploads\/2025\/09\/Prezentare-Szekely.jpg\",\"datePublished\":\"2025-09-17T17:23:14+00:00\",\"dateModified\":\"2025-10-10T08:53:25+00:00\",\"breadcrumb\":{\"@id\":\"https:\/\/motiuashi.ro\/adrian-szekely\/#breadcrumb\"},\"inLanguage\":\"ro-RO\",\"potentialAction\":[{\"@type\":\"ReadAction\",\"target\":[\"https:\/\/motiuashi.ro\/adrian-szekely\/\"]}]},{\"@type\":\"ImageObject\",\"inLanguage\":\"ro-RO\",\"@id\":\"https:\/\/motiuashi.ro\/adrian-szekely\/#primaryimage\",\"url\":\"https:\/\/motiuashi.ro\/wp-content\/uploads\/2025\/09\/Prezentare-Szekely.jpg\",\"contentUrl\":\"https:\/\/motiuashi.ro\/wp-content\/uploads\/2025\/09\/Prezentare-Szekely.jpg\"},{\"@type\":\"BreadcrumbList\",\"@id\":\"https:\/\/motiuashi.ro\/adrian-szekely\/#breadcrumb\",\"itemListElement\":[{\"@type\":\"ListItem\",\"position\":1,\"name\":\"Home\",\"item\":\"https:\/\/motiuashi.ro\/\"},{\"@type\":\"ListItem\",\"position\":2,\"name\":\"Adrian Szekely\"}]},{\"@type\":\"WebSite\",\"@id\":\"https:\/\/motiuashi.ro\/#website\",\"url\":\"https:\/\/motiuashi.ro\/\",\"name\":\"ACS Motiuashi | Club de Judo\",\"description\":\"\",\"publisher\":{\"@id\":\"https:\/\/motiuashi.ro\/#organization\"},\"potentialAction\":[{\"@type\":\"SearchAction\",\"target\":{\"@type\":\"EntryPoint\",\"urlTemplate\":\"https:\/\/motiuashi.ro\/?s={search_term_string}\"},\"query-input\":{\"@type\":\"PropertyValueSpecification\",\"valueRequired\":true,\"valueName\":\"search_term_string\"}}],\"inLanguage\":\"ro-RO\"},{\"@type\":\"Organization\",\"@id\":\"https:\/\/motiuashi.ro\/#organization\",\"name\":\"ACS Motiuashi | Club de Judo\",\"url\":\"https:\/\/motiuashi.ro\/\",\"logo\":{\"@type\":\"ImageObject\",\"inLanguage\":\"ro-RO\",\"@id\":\"https:\/\/motiuashi.ro\/#\/schema\/logo\/image\/\",\"url\":\"https:\/\/motiuashi.ro\/wp-content\/uploads\/2025\/01\/Logo-Motiuashi.png\",\"contentUrl\":\"https:\/\/motiuashi.ro\/wp-content\/uploads\/2025\/01\/Logo-Motiuashi.png\",\"width\":4996,\"height\":4996,\"caption\":\"ACS Motiuashi | Club de Judo\"},\"image\":{\"@id\":\"https:\/\/motiuashi.ro\/#\/schema\/logo\/image\/\"}}]}<\/script>\n<!-- \/ Yoast SEO plugin. -->","yoast_head_json":{"title":"Adrian Szekely - ACS Motiuashi | Club de Judo","robots":{"index":"index","follow":"follow","max-snippet":"max-snippet:-1","max-image-preview":"max-image-preview:large","max-video-preview":"max-video-preview:-1"},"canonical":"https:\/\/motiuashi.ro\/ro\/adrian-szekely\/","og_locale":"ro_RO","og_type":"article","og_title":"Adrian Szekely - ACS Motiuashi | Club de Judo","og_description":"Adrian Szekely Antrenor Facebook Biografie Biografie Sensei Adrian Szekely, de\u021bin\u0103tor al centurii negre 5 Dan, &nbsp;este sufletul \u0219i motorul ACS Motiuashi, un om dedicat excelen\u021bei \u0219i performan\u021bei \u00een judo. Cu o carier\u0103 impresionant\u0103, el este multiplu campion na\u021bional \u0219i balcanic, c\u00e2\u0219tig\u0103tor al numeroaselor turnee interna\u021bionale \u0219i dublu medaliat cu argint la prestigiosul Turneu Prietenia \u2013...","og_url":"https:\/\/motiuashi.ro\/ro\/adrian-szekely\/","og_site_name":"ACS Motiuashi | Club de Judo","article_modified_time":"2025-10-10T08:53:25+00:00","og_image":[{"width":526,"height":390,"url":"https:\/\/motiuashi.ro\/wp-content\/uploads\/2025\/09\/Prezentare-Szekely.jpg","type":"image\/jpeg"}],"twitter_card":"summary_large_image","twitter_misc":{"Timp estimat pentru citire":"2 minute"},"schema":{"@context":"https:\/\/schema.org","@graph":[{"@type":"WebPage","@id":"https:\/\/motiuashi.ro\/adrian-szekely\/","url":"https:\/\/motiuashi.ro\/adrian-szekely\/","name":"Adrian Szekely - ACS Motiuashi | Club de Judo","isPartOf":{"@id":"https:\/\/motiuashi.ro\/#website"},"primaryImageOfPage":{"@id":"https:\/\/motiuashi.ro\/adrian-szekely\/#primaryimage"},"image":{"@id":"https:\/\/motiuashi.ro\/adrian-szekely\/#primaryimage"},"thumbnailUrl":"https:\/\/motiuashi.ro\/wp-content\/uploads\/2025\/09\/Prezentare-Szekely.jpg","datePublished":"2025-09-17T17:23:14+00:00","dateModified":"2025-10-10T08:53:25+00:00","breadcrumb":{"@id":"https:\/\/motiuashi.ro\/adrian-szekely\/#breadcrumb"},"inLanguage":"ro-RO","potentialAction":[{"@type":"ReadAction","target":["https:\/\/motiuashi.ro\/adrian-szekely\/"]}]},{"@type":"ImageObject","inLanguage":"ro-RO","@id":"https:\/\/motiuashi.ro\/adrian-szekely\/#primaryimage","url":"https:\/\/motiuashi.ro\/wp-content\/uploads\/2025\/09\/Prezentare-Szekely.jpg","contentUrl":"https:\/\/motiuashi.ro\/wp-content\/uploads\/2025\/09\/Prezentare-Szekely.jpg"},{"@type":"BreadcrumbList","@id":"https:\/\/motiuashi.ro\/adrian-szekely\/#breadcrumb","itemListElement":[{"@type":"ListItem","position":1,"name":"Home","item":"https:\/\/motiuashi.ro\/"},{"@type":"ListItem","position":2,"name":"Adrian Szekely"}]},{"@type":"WebSite","@id":"https:\/\/motiuashi.ro\/#website","url":"https:\/\/motiuashi.ro\/","name":"ACS Motiuashi | Club de Judo","description":"","publisher":{"@id":"https:\/\/motiuashi.ro\/#organization"},"potentialAction":[{"@type":"SearchAction","target":{"@type":"EntryPoint","urlTemplate":"https:\/\/motiuashi.ro\/?s={search_term_string}"},"query-input":{"@type":"PropertyValueSpecification","valueRequired":true,"valueName":"search_term_string"}}],"inLanguage":"ro-RO"},{"@type":"Organization","@id":"https:\/\/motiuashi.ro\/#organization","name":"ACS Motiuashi | Club de Judo","url":"https:\/\/motiuashi.ro\/","logo":{"@type":"ImageObject","inLanguage":"ro-RO","@id":"https:\/\/motiuashi.ro\/#\/schema\/logo\/image\/","url":"https:\/\/motiuashi.ro\/wp-content\/uploads\/2025\/01\/Logo-Motiuashi.png","contentUrl":"https:\/\/motiuashi.ro\/wp-content\/uploads\/2025\/01\/Logo-Motiuashi.png","width":4996,"height":4996,"caption":"ACS Motiuashi | Club de Judo"},"image":{"@id":"https:\/\/motiuashi.ro\/#\/schema\/logo\/image\/"}}]}},"_links":{"self":[{"href":"https:\/\/motiuashi.ro\/ro\/wp-json\/wp\/v2\/pages\/7391","targetHints":{"allow":["GET"]}}],"collection":[{"href":"https:\/\/motiuashi.ro\/ro\/wp-json\/wp\/v2\/pages"}],"about":[{"href":"https:\/\/motiuashi.ro\/ro\/wp-json\/wp\/v2\/types\/page"}],"author":[{"embeddable":true,"href":"https:\/\/motiuashi.ro\/ro\/wp-json\/wp\/v2\/users\/1"}],"replies":[{"embeddable":true,"href":"https:\/\/motiuashi.ro\/ro\/wp-json\/wp\/v2\/comments?post=7391"}],"version-history":[{"count":27,"href":"https:\/\/motiuashi.ro\/ro\/wp-json\/wp\/v2\/pages\/7391\/revisions"}],"predecessor-version":[{"id":7638,"href":"https:\/\/motiuashi.ro\/ro\/wp-json\/wp\/v2\/pages\/7391\/revisions\/7638"}],"wp:attachment":[{"href":"https:\/\/motiuashi.ro\/ro\/wp-json\/wp\/v2\/media?parent=7391"}],"curies":[{"name":"wp","href":"https:\/\/api.w.org\/{rel}","templated":true}]}}